{"id":123,"date":"2018-01-10T00:34:48","date_gmt":"2018-01-09T23:34:48","guid":{"rendered":"https:\/\/brautstyling.pro\/?page_id=123"},"modified":"2024-08-30T12:09:39","modified_gmt":"2024-08-30T10:09:39","slug":"impressum","status":"publish","type":"page","link":"https:\/\/brautstyling.pro\/index.php\/impressum\/","title":{"rendered":"Impressum"},"content":{"rendered":"<h4>Angaben gem\u00e4\u00df \u00a7 5 TMG:<\/h4>\n<p>Sonja Noe<br \/>\nMakeup\u00a0Artist<\/p>\n<p><span style=\"color: #333333;\">Droste-H\u00fclshoff-Stra\u00dfe 24<br \/>\n59348 L\u00fcdinghausen <\/span><\/p>\n<h4>Kontakt:<\/h4>\n<p>Telefon: +49 1517 2976784<br \/>\nE-Mail: info@brautstyling.pro<\/p>\n<h4>Streitschlichtung<\/h4>\n<p>Wir sind<br \/>\nnicht bereit oder verpflichtet, an Streitbeilegungsverfahren vor einer Verbraucherschlichtungsstelle<br \/>\nteilzunehmen.<\/p>\n<h4>Haftung f\u00fcr Inhalte<\/h4>\n<p>Als Diensteanbieter sind wir gem\u00e4\u00df<br \/>\n\u00a7 7 Abs.1 TMG f\u00fcr eigene Inhalte auf diesen Seiten nach den allgemeinen Gesetzen<br \/>\nverantwortlich. Nach \u00a7\u00a7 8 bis 10 TMG sind wir als Diensteanbieter jedoch nicht verpflichtet,<br \/>\n\u00fcbermittelte oder gespeicherte fremde Informationen zu \u00fcberwachen oder nach<br \/>\nUmst\u00e4nden zu forschen, die auf eine rechtswidrige T\u00e4tigkeit hinweisen.<\/p>\n<p>Verpflichtungen zur Entfernung oder Sperrung der Nutzung von Informationen nach den allgemeinen<br \/>\nGesetzen bleiben hiervon unber\u00fchrt. Eine diesbez\u00fcgliche Haftung ist jedoch erst ab dem<br \/>\nZeitpunkt der Kenntnis einer konkreten Rechtsverletzung m\u00f6glich. Bei Bekanntwerden von<br \/>\nentsprechenden Rechtsverletzungen werden wir diese Inhalte umgehend entfernen.<\/p>\n<h4>Haftung\u00a0f\u00fcr Links<\/h4>\n<p>Unser Angebot enth\u00e4lt Links zu externen Webseiten Dritter, auf deren<br \/>\nInhalte wir keinen Einfluss haben. Deshalb k\u00f6nnen wir f\u00fcr diese fremden Inhalte auch keine<br \/>\nGew\u00e4hr \u00fcbernehmen. F\u00fcr die Inhalte der verlinkten Seiten ist stets der jeweilige Anbieter<br \/>\noder Betreiber der Seiten verantwortlich. Die verlinkten Seiten wurden zum Zeitpunkt der Verlinkung auf<br \/>\nm\u00f6gliche Rechtsverst\u00f6\u00dfe \u00fcberpr\u00fcft. Rechtswidrige Inhalte waren zum<br \/>\nZeitpunkt der Verlinkung nicht erkennbar.<\/p>\n<p>Eine permanente inhaltliche Kontrolle der verlinkten<br \/>\nSeiten ist jedoch ohne konkrete Anhaltspunkte einer Rechtsverletzung nicht zumutbar. Bei<br \/>\nBekanntwerden von Rechtsverletzungen werden wir derartige Links umgehend entfernen.<\/p>\n<h4>Urheberrecht<\/h4>\n<p>Die durch die Seitenbetreiber erstellten Inhalte und Werke auf diesen Seiten unterliegen dem deutschen Urheberrecht. Die Vervielf\u00e4ltigung, Bearbeitung, Verbreitung und jede Art der Verwertung au\u00dferhalb der Grenzen des Urheberrechtes bed\u00fcrfen der schriftlichen Zustimmung des jeweiligen Autors bzw. Erstellers. Downloads und Kopien dieser Seite sind nur f\u00fcr den privaten, nicht kommerziellen Gebrauch gestattet. Soweit die Inhalte auf dieser Seite nicht vom Betreiber erstellt wurden, werden die Urheberrechte Dritter beachtet. Insbesondere werden Inhalte Dritter als solche gekennzeichnet. Sollten Sie trotzdem auf eine Urheberrechtsverletzung aufmerksam werden, bitten wir um einen entsprechenden Hinweis. Bei Bekanntwerden von Rechtsverletzungen werden wir derartige Inhalte umgehend entfernen. Quelle: <a href=\"https:\/\/www.e-recht24.de\"> eRecht24<\/a><\/p>\n","protected":false},"excerpt":{"rendered":"<p>Angaben gem\u00e4\u00df \u00a7 5 TMG: Sonja Noe Makeup\u00a0Artist Droste-H\u00fclshoff-Stra\u00dfe 24 59348 L\u00fcdinghausen Kontakt: Telefon: +49 1517 2976784 E-Mail: info@brautstyling.pro Streitschlichtung Wir sind nicht bereit oder verpflichtet, an Streitbeilegungsverfahren vor einer Verbraucherschlichtungsstelle teilzunehmen. Haftung f\u00fcr Inhalte Als Diensteanbieter sind wir gem\u00e4\u00df \u00a7 7 Abs.1 TMG f\u00fcr eigene Inhalte auf diesen Seiten nach den allgemeinen Gesetzen verantwortlich&#8230;. <\/p>\n","protected":false},"author":1,"featured_media":0,"parent":0,"menu_order":0,"comment_status":"closed","ping_status":"closed","template":"no-sidebar.php","meta":{"footnotes":""},"class_list":["post-123","page","type-page","status-publish","hentry"],"yoast_head":"<!-- This site is optimized with the Yoast SEO plugin v25.2 - https:\/\/yoast.com\/wordpress\/plugins\/seo\/ -->\n<title>Impressum - Brautstyling rund um Dortmund<\/title>\n<meta name=\"robots\" content=\"index, follow, max-snippet:-1, max-image-preview:large, max-video-preview:-1\" \/>\n<link rel=\"canonical\" href=\"https:\/\/brautstyling.pro\/index.php\/impressum\/\" \/>\n<meta property=\"og:locale\" content=\"de_DE\" \/>\n<meta property=\"og:type\" content=\"article\" \/>\n<meta property=\"og:title\" content=\"Impressum - Brautstyling rund um Dortmund\" \/>\n<meta property=\"og:description\" content=\"Angaben gem\u00e4\u00df \u00a7 5 TMG: Sonja Noe Makeup\u00a0Artist Droste-H\u00fclshoff-Stra\u00dfe 24 59348 L\u00fcdinghausen Kontakt: Telefon: +49 1517 2976784 E-Mail: info@brautstyling.pro Streitschlichtung Wir sind nicht bereit oder verpflichtet, an Streitbeilegungsverfahren vor einer Verbraucherschlichtungsstelle teilzunehmen. Haftung f\u00fcr Inhalte Als Diensteanbieter sind wir gem\u00e4\u00df \u00a7 7 Abs.1 TMG f\u00fcr eigene Inhalte auf diesen Seiten nach den allgemeinen Gesetzen verantwortlich....\" \/>\n<meta property=\"og:url\" content=\"https:\/\/brautstyling.pro\/index.php\/impressum\/\" \/>\n<meta property=\"og:site_name\" content=\"Brautstyling rund um Dortmund\" \/>\n<meta property=\"article:publisher\" content=\"https:\/\/facebook.com\/brautstylingfrankfurt\/\" \/>\n<meta property=\"article:modified_time\" content=\"2024-08-30T10:09:39+00:00\" \/>\n<meta name=\"twitter:card\" content=\"summary_large_image\" \/>\n<meta name=\"twitter:label1\" content=\"Gesch\u00e4tzte Lesezeit\" \/>\n\t<meta name=\"twitter:data1\" content=\"2\u00a0Minuten\" \/>\n<script type=\"application\/ld+json\" class=\"yoast-schema-graph\">{\"@context\":\"https:\/\/schema.org\",\"@graph\":[{\"@type\":\"WebPage\",\"@id\":\"https:\/\/brautstyling.pro\/index.php\/impressum\/\",\"url\":\"https:\/\/brautstyling.pro\/index.php\/impressum\/\",\"name\":\"Impressum - Brautstyling rund um Dortmund\",\"isPartOf\":{\"@id\":\"https:\/\/brautstyling.pro\/#website\"},\"datePublished\":\"2018-01-09T23:34:48+00:00\",\"dateModified\":\"2024-08-30T10:09:39+00:00\",\"breadcrumb\":{\"@id\":\"https:\/\/brautstyling.pro\/index.php\/impressum\/#breadcrumb\"},\"inLanguage\":\"de\",\"potentialAction\":[{\"@type\":\"ReadAction\",\"target\":[\"https:\/\/brautstyling.pro\/index.php\/impressum\/\"]}]},{\"@type\":\"BreadcrumbList\",\"@id\":\"https:\/\/brautstyling.pro\/index.php\/impressum\/#breadcrumb\",\"itemListElement\":[{\"@type\":\"ListItem\",\"position\":1,\"name\":\"Startseite\",\"item\":\"https:\/\/brautstyling.pro\/\"},{\"@type\":\"ListItem\",\"position\":2,\"name\":\"Impressum\"}]},{\"@type\":\"WebSite\",\"@id\":\"https:\/\/brautstyling.pro\/#website\",\"url\":\"https:\/\/brautstyling.pro\/\",\"name\":\"Brautstyling rund um Dortmund\",\"description\":\"Das perfekte Styling f\u00fcr den sch\u00f6nsten Tag deines Lebens\",\"publisher\":{\"@id\":\"https:\/\/brautstyling.pro\/#organization\"},\"potentialAction\":[{\"@type\":\"SearchAction\",\"target\":{\"@type\":\"EntryPoint\",\"urlTemplate\":\"https:\/\/brautstyling.pro\/?s={search_term_string}\"},\"query-input\":{\"@type\":\"PropertyValueSpecification\",\"valueRequired\":true,\"valueName\":\"search_term_string\"}}],\"inLanguage\":\"de\"},{\"@type\":\"Organization\",\"@id\":\"https:\/\/brautstyling.pro\/#organization\",\"name\":\"Brautstyling-FFM - Das perfekte Styling f\u00fcr den sch\u00f6nsten Tag deines Lebens\",\"url\":\"https:\/\/brautstyling.pro\/\",\"logo\":{\"@type\":\"ImageObject\",\"inLanguage\":\"de\",\"@id\":\"https:\/\/brautstyling.pro\/#\/schema\/logo\/image\/\",\"url\":\"http:\/\/brautstyling.pro\/wp-content\/uploads\/2017\/12\/BrautstylingFFM2.png\",\"contentUrl\":\"http:\/\/brautstyling.pro\/wp-content\/uploads\/2017\/12\/BrautstylingFFM2.png\",\"width\":1108,\"height\":400,\"caption\":\"Brautstyling-FFM - Das perfekte Styling f\u00fcr den sch\u00f6nsten Tag deines Lebens\"},\"image\":{\"@id\":\"https:\/\/brautstyling.pro\/#\/schema\/logo\/image\/\"},\"sameAs\":[\"https:\/\/facebook.com\/brautstylingfrankfurt\/\",\"https:\/\/www.instagram.com\/brautstyling_frankfurt\/\"]}]}<\/script>\n<!-- \/ Yoast SEO plugin. -->","yoast_head_json":{"title":"Impressum - Brautstyling rund um Dortmund","robots":{"index":"index","follow":"follow","max-snippet":"max-snippet:-1","max-image-preview":"max-image-preview:large","max-video-preview":"max-video-preview:-1"},"canonical":"https:\/\/brautstyling.pro\/index.php\/impressum\/","og_locale":"de_DE","og_type":"article","og_title":"Impressum - Brautstyling rund um Dortmund","og_description":"Angaben gem\u00e4\u00df \u00a7 5 TMG: Sonja Noe Makeup\u00a0Artist Droste-H\u00fclshoff-Stra\u00dfe 24 59348 L\u00fcdinghausen Kontakt: Telefon: +49 1517 2976784 E-Mail: info@brautstyling.pro Streitschlichtung Wir sind nicht bereit oder verpflichtet, an Streitbeilegungsverfahren vor einer Verbraucherschlichtungsstelle teilzunehmen. Haftung f\u00fcr Inhalte Als Diensteanbieter sind wir gem\u00e4\u00df \u00a7 7 Abs.1 TMG f\u00fcr eigene Inhalte auf diesen Seiten nach den allgemeinen Gesetzen verantwortlich....","og_url":"https:\/\/brautstyling.pro\/index.php\/impressum\/","og_site_name":"Brautstyling rund um Dortmund","article_publisher":"https:\/\/facebook.com\/brautstylingfrankfurt\/","article_modified_time":"2024-08-30T10:09:39+00:00","twitter_card":"summary_large_image","twitter_misc":{"Gesch\u00e4tzte Lesezeit":"2\u00a0Minuten"},"schema":{"@context":"https:\/\/schema.org","@graph":[{"@type":"WebPage","@id":"https:\/\/brautstyling.pro\/index.php\/impressum\/","url":"https:\/\/brautstyling.pro\/index.php\/impressum\/","name":"Impressum - Brautstyling rund um Dortmund","isPartOf":{"@id":"https:\/\/brautstyling.pro\/#website"},"datePublished":"2018-01-09T23:34:48+00:00","dateModified":"2024-08-30T10:09:39+00:00","breadcrumb":{"@id":"https:\/\/brautstyling.pro\/index.php\/impressum\/#breadcrumb"},"inLanguage":"de","potentialAction":[{"@type":"ReadAction","target":["https:\/\/brautstyling.pro\/index.php\/impressum\/"]}]},{"@type":"BreadcrumbList","@id":"https:\/\/brautstyling.pro\/index.php\/impressum\/#breadcrumb","itemListElement":[{"@type":"ListItem","position":1,"name":"Startseite","item":"https:\/\/brautstyling.pro\/"},{"@type":"ListItem","position":2,"name":"Impressum"}]},{"@type":"WebSite","@id":"https:\/\/brautstyling.pro\/#website","url":"https:\/\/brautstyling.pro\/","name":"Brautstyling rund um Dortmund","description":"Das perfekte Styling f\u00fcr den sch\u00f6nsten Tag deines Lebens","publisher":{"@id":"https:\/\/brautstyling.pro\/#organization"},"potentialAction":[{"@type":"SearchAction","target":{"@type":"EntryPoint","urlTemplate":"https:\/\/brautstyling.pro\/?s={search_term_string}"},"query-input":{"@type":"PropertyValueSpecification","valueRequired":true,"valueName":"search_term_string"}}],"inLanguage":"de"},{"@type":"Organization","@id":"https:\/\/brautstyling.pro\/#organization","name":"Brautstyling-FFM - Das perfekte Styling f\u00fcr den sch\u00f6nsten Tag deines Lebens","url":"https:\/\/brautstyling.pro\/","logo":{"@type":"ImageObject","inLanguage":"de","@id":"https:\/\/brautstyling.pro\/#\/schema\/logo\/image\/","url":"http:\/\/brautstyling.pro\/wp-content\/uploads\/2017\/12\/BrautstylingFFM2.png","contentUrl":"http:\/\/brautstyling.pro\/wp-content\/uploads\/2017\/12\/BrautstylingFFM2.png","width":1108,"height":400,"caption":"Brautstyling-FFM - Das perfekte Styling f\u00fcr den sch\u00f6nsten Tag deines Lebens"},"image":{"@id":"https:\/\/brautstyling.pro\/#\/schema\/logo\/image\/"},"sameAs":["https:\/\/facebook.com\/brautstylingfrankfurt\/","https:\/\/www.instagram.com\/brautstyling_frankfurt\/"]}]}},"_links":{"self":[{"href":"https:\/\/brautstyling.pro\/index.php\/wp-json\/wp\/v2\/pages\/123","targetHints":{"allow":["GET"]}}],"collection":[{"href":"https:\/\/brautstyling.pro\/index.php\/wp-json\/wp\/v2\/pages"}],"about":[{"href":"https:\/\/brautstyling.pro\/index.php\/wp-json\/wp\/v2\/types\/page"}],"author":[{"embeddable":true,"href":"https:\/\/brautstyling.pro\/index.php\/wp-json\/wp\/v2\/users\/1"}],"replies":[{"embeddable":true,"href":"https:\/\/brautstyling.pro\/index.php\/wp-json\/wp\/v2\/comments?post=123"}],"version-history":[{"count":8,"href":"https:\/\/brautstyling.pro\/index.php\/wp-json\/wp\/v2\/pages\/123\/revisions"}],"predecessor-version":[{"id":3658,"href":"https:\/\/brautstyling.pro\/index.php\/wp-json\/wp\/v2\/pages\/123\/revisions\/3658"}],"wp:attachment":[{"href":"https:\/\/brautstyling.pro\/index.php\/wp-json\/wp\/v2\/media?parent=123"}],"curies":[{"name":"wp","href":"https:\/\/api.w.org\/{rel}","templated":true}]}}